{"id":118,"date":"2025-03-24T18:04:27","date_gmt":"2025-03-24T17:04:27","guid":{"rendered":"https:\/\/tournelion.com\/?page_id=118"},"modified":"2025-05-15T16:51:14","modified_gmt":"2025-05-15T14:51:14","slug":"faq","status":"publish","type":"page","link":"https:\/\/tournelion.com\/index.php\/faq\/","title":{"rendered":""},"content":{"rendered":"\t\t<div data-elementor-type=\"wp-page\" data-elementor-id=\"118\" class=\"elementor elementor-118\">\n\t\t\t\t<div class=\"elementor-element elementor-element-03d75ac e-con-full e-flex e-con e-parent\" data-id=\"03d75ac\" data-element_type=\"container\">\n\t\t\t\t<div class=\"elementor-element elementor-element-91d065f elementor-widget elementor-widget-text-editor\" data-id=\"91d065f\" data-element_type=\"widget\" data-widget_type=\"text-editor.default\">\n\t\t\t\t<div class=\"elementor-widget-container\">\n\t\t\t\t\t\t\t\t\t<h2 style=\"text-align: center;\"><strong><span style=\"color: #993366;\">Concr\u00e8tement, comment se d\u00e9roulera notre travail?<\/span><\/strong><\/h2>\t\t\t\t\t\t\t\t<\/div>\n\t\t\t\t<\/div>\n\t\t\t\t<div class=\"elementor-element elementor-element-472c2a6 elementor-widget elementor-widget-image\" data-id=\"472c2a6\" data-element_type=\"widget\" data-widget_type=\"image.default\">\n\t\t\t\t<div class=\"elementor-widget-container\">\n\t\t\t\t\t\t\t\t\t\t\t\t\t\t\t<img fetchpriority=\"high\" decoding=\"async\" width=\"1920\" height=\"2560\" src=\"https:\/\/tournelion.com\/wp-content\/uploads\/2025\/05\/IMG_0917-1-scaled.jpg\" class=\"attachment-full size-full wp-image-618\" alt=\"\" srcset=\"https:\/\/tournelion.com\/wp-content\/uploads\/2025\/05\/IMG_0917-1-scaled.jpg 1920w, https:\/\/tournelion.com\/wp-content\/uploads\/2025\/05\/IMG_0917-1-225x300.jpg 225w, https:\/\/tournelion.com\/wp-content\/uploads\/2025\/05\/IMG_0917-1-768x1024.jpg 768w, https:\/\/tournelion.com\/wp-content\/uploads\/2025\/05\/IMG_0917-1-1152x1536.jpg 1152w, https:\/\/tournelion.com\/wp-content\/uploads\/2025\/05\/IMG_0917-1-1536x2048.jpg 1536w\" sizes=\"(max-width: 1920px) 100vw, 1920px\" \/>\t\t\t\t\t\t\t\t\t\t\t\t\t\t\t<\/div>\n\t\t\t\t<\/div>\n\t\t\t\t<div class=\"elementor-element elementor-element-afa0125 elementor-widget elementor-widget-text-editor\" data-id=\"afa0125\" data-element_type=\"widget\" data-widget_type=\"text-editor.default\">\n\t\t\t\t<div class=\"elementor-widget-container\">\n\t\t\t\t\t\t\t\t\t<p><span style=\"color: #993366;\"><strong>Quelles sont les diff\u00e9rentes \u00e9tapes?<\/strong><\/span><\/p><ol><li><h4>Vous me contactez soit par mail : <span style=\"color: #3366ff;\">tesstournelion@gmail.com <\/span>pour me parler de votre projet d&rsquo;illustration(s) soit vous remplissez directement mon <span style=\"text-decoration: underline;\"><span style=\"color: #3366ff; text-decoration: underline;\"><a style=\"color: #3366ff; text-decoration: underline;\" href=\"https:\/\/docs.google.com\/forms\/d\/e\/1FAIpQLSdGWTWkT1-FtA0Wp0I0kUsCNEvGun1J5_hMUYbGoSRnJ545Zg\/viewform\">questionnaire<\/a><\/span><\/span> pour obtenir un devis gratuit.<\/h4><\/li><li><h4>Une fois que j&rsquo;ai toutes les informations n\u00e9cessaires, je vous envoie un devis et mes Conditions g\u00e9n\u00e9rales de vente que vous devez me retourner sign\u00e9s sous 14 jours. Un acompte \u00e9quivalent \u00e0 30% du prix total est \u00e9galement \u00e0 payer dans ce d\u00e9lai.<\/h4><\/li><li><h4>Apr\u00e8s que l&rsquo;on se soit mis d&rsquo;accord sur les dates butoir \u00e0 respecter, je vous envoie un croquis de l&rsquo;illustration demand\u00e9e. (Et des emplacement des textes si besoin). Vous pouvez \u00e9mettre deux demandes de modification maximum.\u00a0<\/h4><\/li><li><h4>Apr\u00e8s la validation du croquis, je peux vous envoyer une id\u00e9e de palette de couleurs si besoin. Vous pouvez \u00e9mettre deux retours maximum (sur la palette uniquement.) S&rsquo;il y a des \u00e9l\u00e9ments \u00e0 absolument respecter, c&rsquo;est le moment de le dire: par exemple: \u00ab\u00a0h\u00e9ro\u00efne doit \u00eatre rousse et doit avoir les yeux bleus\u00a0\u00bb. \u00a0Sachez que puisque je peins sur papier, la palette n&rsquo;est l\u00e0 que pour donner une id\u00e9e et elle peut changer drastiquement au moment de la peinture. Le choix des couleurs est le travail de l&rsquo;artiste et elles ne peuvent pas \u00eatre modifi\u00e9es ni d\u00e9cid\u00e9es trop pr\u00e9cis\u00e9ment comme l&rsquo;on ferait au digital .<\/h4><\/li><li><h4>Il ne restera plus qu&rsquo;\u00e0 attendre de recevoir l&rsquo;illustration termin\u00e9e! Si ce n&rsquo;est pas d\u00e9j\u00e0 fait, \u00e0 r\u00e9ception des illustrations, vous payez le reste du prix (70%). Un retard de paiement entrainera des p\u00e9nalit\u00e9s de retard.<\/h4><\/li><\/ol><h4>\u00a0<\/h4><h3><span style=\"color: #993366;\"><strong>Je peux avoir plus de d\u00e9tails?<\/strong><\/span><\/h3><ul><li><h4>Tout \u00e0 fait, voici le lien vers mes <span style=\"text-decoration: underline;\"><span style=\"color: #3366ff; text-decoration: underline;\"><a style=\"color: #3366ff; text-decoration: underline;\" href=\"https:\/\/tournelion.com\/index.php\/conditions-generales-de-vente\/\">Conditions G\u00e9n\u00e9rales de Vente<\/a><\/span><\/span>.<\/h4><\/li><\/ul><h3><strong><span style=\"color: #993366;\">Quels sont les tarifs?<\/span><\/strong><\/h3><ul><li><h4>Chaque projet est diff\u00e9rent et pr\u00e9sente ses difficult\u00e9s techniques. Vous pouvez demander un <a href=\"https:\/\/docs.google.com\/forms\/d\/e\/1FAIpQLSdGWTWkT1-FtA0Wp0I0kUsCNEvGun1J5_hMUYbGoSRnJ545Zg\/viewform\" target=\"_blank\" rel=\"noopener\"><span style=\"text-decoration: underline;\"><span style=\"color: #3366ff; text-decoration: underline;\">Devis gratuit ici<\/span><\/span><\/a> .<\/h4><\/li><\/ul><h3><span style=\"color: #993366;\"><strong>Comment payer?<\/strong><\/span><\/h3><ul><li><h4>Par virement bancaire uniquement.<\/h4><\/li><\/ul><p><strong><span style=\"color: #993366;\">Est-ce que je peux utiliser l&rsquo;illustration comme je veux? Elle m&rsquo;appartient totalement?<\/span><\/strong><\/p><ul><li><h4>Non, vous ne pouvez l&rsquo;utiliser que sur les supports pr\u00e9cis\u00e9s au moment du devis dans la cession de droits.<\/h4><\/li><li><h4>Pour toute utilisation non pr\u00e9vue, il faudra que je l&rsquo;accepte pr\u00e9alablement et une facturation suppl\u00e9mentaire sera envoy\u00e9e dans ce cas.<\/h4><\/li><\/ul><h3><span style=\"color: #993366;\"><strong>Oups! J&rsquo;ai oubli\u00e9 de demander une modification dans les temps, pouvez-vous me rajouter un arbre et changer la couleur de la robe de la princesse, l\u00e0?<\/strong><\/span><\/h3><ul><li><h4>Il va falloir que je r\u00e9dige un autre devis, cela demandera une facturation suppl\u00e9mentaire et d\u00e9calera donc les dates de rendu.<\/h4><\/li><li><h4>A noter que si cela concerne une illustration \u00e0 la gouache et que la couleur est en cours ou finie, il sera impossible de la modifier puisque r\u00e9alis\u00e9e sur papier. Il faudra commander une nouvelle illustration en plus de payer la pr\u00e9c\u00e9dente facture.<\/h4><\/li><\/ul><p><span style=\"color: #993366;\"><strong>Oh non! C&rsquo;est une urgence! Il me faut cette illustration beaucoup plus t\u00f4t que pr\u00e9vu!<\/strong><\/span><\/p><ul><li><h4>S&rsquo;il est possible pour moi de la rendre plus t\u00f4t, je ferais de mon mieux sachant que l&rsquo;urgence engendrera une facturation suppl\u00e9mentaire.<\/h4><\/li><\/ul><p><span style=\"color: #993366;\"><strong>Quels m\u00e9diums utilisez vous pour vos illustrations?<\/strong><\/span><\/p><ul><li><h4>Pour les illustrations en couleurs j&rsquo;utilise de la gouache et peins sur papier que je scanne ensuite sur un scan de qualit\u00e9.<\/h4><\/li><li><h4>Pour les illustrations en noir et blanc, je dessine digitalement sur Procreate \u00e0 la mode du crayon \u00e0 papier.<\/h4><\/li><\/ul><h3><span style=\"color: #993366;\"><strong>Pouvez-vous r\u00e9aliser une illustration \u00e0 l&rsquo;aquarelle ou \u00e0 l&rsquo;acrylique, je pr\u00e9f\u00e8re!<\/strong><\/span><\/h3><ul><li><h4>J&rsquo;utilise uniquement de la gouache, \u00e0 moins que je ne vous propose sp\u00e9cifiquement un autre m\u00e9dium qui irait bien avec l&rsquo;ambiance de votre projet.<\/h4><\/li><\/ul><h3><strong><span style=\"color: #993366;\">Utilisez-vous de l&rsquo;IA?<\/span><\/strong><\/h3><ul><li><h4>A aucun moment je n&rsquo;utiliserai l&rsquo;IA g\u00e9n\u00e9rative, ni pour \u00ab\u00a0m&rsquo;inspirer\u00a0\u00bb (car imaginer la composition fait partie int\u00e9grante du travail d&rsquo;illustratrice!) ni dans mon travail, car l&rsquo;IA g\u00e9n\u00e9rative est tout simplement du vol et n&rsquo;a rien \u00e0 voir avec de la cr\u00e9ation.<\/h4><\/li><\/ul>\t\t\t\t\t\t\t\t<\/div>\n\t\t\t\t<\/div>\n\t\t<div class=\"elementor-element elementor-element-aca33b4 e-flex e-con-boxed e-con e-child\" data-id=\"aca33b4\" data-element_type=\"container\">\n\t\t\t\t\t<div class=\"e-con-inner\">\n\t\t\t\t<div class=\"elementor-element elementor-element-eab111e elementor-widget elementor-widget-image\" data-id=\"eab111e\" data-element_type=\"widget\" data-widget_type=\"image.default\">\n\t\t\t\t<div class=\"elementor-widget-container\">\n\t\t\t\t\t\t\t\t\t\t\t\t\t\t\t<img decoding=\"async\" src=\"https:\/\/tournelion.com\/wp-content\/uploads\/2025\/03\/Illustration_sans_titre-20-scaled.jpg\" title=\"\" alt=\"\" loading=\"lazy\" \/>\t\t\t\t\t\t\t\t\t\t\t\t\t\t\t<\/div>\n\t\t\t\t<\/div>\n\t\t\t\t\t<\/div>\n\t\t\t\t<\/div>\n\t\t\t\t<\/div>\n\t\t\t\t<\/div>\n\t\t","protected":false},"excerpt":{"rendered":"<p>Concr\u00e8tement, comment se d\u00e9roulera notre travail? Quelles sont les diff\u00e9rentes \u00e9tapes? Vous me contactez soit par mail : tesstournelion@gmail.com pour me parler de votre projet d&rsquo;illustration(s) soit vous remplissez directement mon questionnaire pour obtenir un devis gratuit. Une fois que j&rsquo;ai toutes les informations n\u00e9cessaires, je vous envoie un devis et mes Conditions g\u00e9n\u00e9rales de [&hellip;]<\/p>\n","protected":false},"author":1,"featured_media":0,"parent":0,"menu_order":0,"comment_status":"closed","ping_status":"closed","template":"","meta":{"footnotes":""},"class_list":["post-118","page","type-page","status-publish","hentry"],"_links":{"self":[{"href":"https:\/\/tournelion.com\/index.php\/wp-json\/wp\/v2\/pages\/118","targetHints":{"allow":["GET"]}}],"collection":[{"href":"https:\/\/tournelion.com\/index.php\/wp-json\/wp\/v2\/pages"}],"about":[{"href":"https:\/\/tournelion.com\/index.php\/wp-json\/wp\/v2\/types\/page"}],"author":[{"embeddable":true,"href":"https:\/\/tournelion.com\/index.php\/wp-json\/wp\/v2\/users\/1"}],"replies":[{"embeddable":true,"href":"https:\/\/tournelion.com\/index.php\/wp-json\/wp\/v2\/comments?post=118"}],"version-history":[{"count":155,"href":"https:\/\/tournelion.com\/index.php\/wp-json\/wp\/v2\/pages\/118\/revisions"}],"predecessor-version":[{"id":839,"href":"https:\/\/tournelion.com\/index.php\/wp-json\/wp\/v2\/pages\/118\/revisions\/839"}],"wp:attachment":[{"href":"https:\/\/tournelion.com\/index.php\/wp-json\/wp\/v2\/media?parent=118"}],"curies":[{"name":"wp","href":"https:\/\/api.w.org\/{rel}","templated":true}]}}