{"id":3,"date":"2025-03-13T16:22:15","date_gmt":"2025-03-13T15:22:15","guid":{"rendered":"http:\/\/tournelion.com\/?page_id=3"},"modified":"2025-04-29T17:19:43","modified_gmt":"2025-04-29T15:19:43","slug":"politique-de-confidentialite","status":"publish","type":"page","link":"https:\/\/tournelion.com\/index.php\/politique-de-confidentialite\/","title":{"rendered":"Politique de confidentialit\u00e9"},"content":{"rendered":"\t\t<div data-elementor-type=\"wp-page\" data-elementor-id=\"3\" class=\"elementor elementor-3\">\n\t\t\t\t<div class=\"elementor-element elementor-element-11561818 e-con-full e-flex e-con e-parent\" data-id=\"11561818\" data-element_type=\"container\">\n\t\t\t\t<div class=\"elementor-element elementor-element-7d2c087a elementor-widget elementor-widget-text-editor\" data-id=\"7d2c087a\" data-element_type=\"widget\" data-widget_type=\"text-editor.default\">\n\t\t\t\t<div class=\"elementor-widget-container\">\n\t\t\t\t\t\t\t\t\t<h4>Date d\u2019entr\u00e9e en vigueur : 23\/03\/2025<\/h4><h4><span class=\"Apple-converted-space\">\u00a0<\/span>Mise \u00e0 jour : 23\/03\/2025<\/h4><h4>Conform\u00e9ment au r\u00e8glement UE 2016\/679 du 27 avril 2016 relatif \u00e0 la protection des donn\u00e9es personnelles (le \u201c<b>RGPD<\/b>\u201d), cette politique de confidentialit\u00e9 a pour objet d\u2019informer les internautes (\u201c<b>Vous<\/b>\u201d) sur la mani\u00e8re dont leurs donn\u00e9es personnelles sont recueillies et trait\u00e9es par le site Internet https:\/\/tournelion.com\/ (le \u201c<b>Site<\/b>\u201d).<span class=\"Apple-converted-space\">\u00a0<\/span><\/h4><h4>La pr\u00e9sente politique de confidentialit\u00e9 compl\u00e8te les mentions l\u00e9gales et les conditions g\u00e9n\u00e9rales d\u2019utilisation du Site.<span class=\"Apple-converted-space\">\u00a0<\/span><\/h4><h4><b>ARTICLE 1 \u2013 LIC\u00c9IT\u00c9 DU TRAITEMENT DE VOS DONN\u00c9ES<span class=\"Apple-converted-space\">\u00a0<\/span><\/b><\/h4><h4>Conform\u00e9ment \u00e0 l\u2019article 6 du RGPD, le traitement de vos donn\u00e9es personnelles est licite si l\u2019une au moins des conditions suivantes est remplie :<span class=\"Apple-converted-space\">\u00a0<\/span><\/h4><ul><li><h4>\u25cf \u00a0vous avez consenti au traitement de vos donn\u00e9es personnelles pour une ou plusieurs finalit\u00e9s sp\u00e9cifiques ;<\/h4><\/li><li><h4>\u25cf \u00a0le traitement est n\u00e9cessaire \u00e0 l\u2019ex\u00e9cution du contrat auquel vous \u00eates parties ou \u00e0 l\u2019ex\u00e9cution de mesures pr\u00e9contractuelles que vous auriez demand\u00e9es ;<\/h4><\/li><li><h4>\u25cf \u00a0le traitement est n\u00e9cessaire au respect d\u2019une obligation l\u00e9gale \u00e0 laquelle le responsable de traitement est soumis ;<\/h4><\/li><li><h4>\u25cf \u00a0le traitement est n\u00e9cessaire \u00e0 la sauvegarde de vos int\u00e9r\u00eats vitaux ou d\u2019une autre personne physique ;<\/h4><\/li><li><h4>\u25cf \u00a0le traitement est n\u00e9cessaire \u00e0 l\u2019ex\u00e9cution d\u2019une mission d\u2019int\u00e9r\u00eat public ;<\/h4><\/li><li><h4>\u25cf \u00a0le traitement est n\u00e9cessaire aux fins d\u2019int\u00e9r\u00eats l\u00e9gitimes poursuivis par le responsable de traitement ou par un tiers.<span class=\"Apple-converted-space\">\u00a0<\/span><\/h4><\/li><\/ul><h4><img decoding=\"async\" src=\"data:image\/png;base64,iVBORw0KGgoAAAANSUhEUgAAAdQAAAADCAYAAAAqa\/5PAAABYWlDQ1BrQ0dDb2xvclNwYWNlRGlzcGxheVAzAAAokWNgYFJJLCjIYWFgYMjNKykKcndSiIiMUmB\/yMAOhLwMYgwKicnFBY4BAT5AJQwwGhV8u8bACKIv64LMOiU1tUm1XsDXYqbw1YuvRJsw1aMArpTU4mQg\/QeIU5MLikoYGBhTgGzl8pICELsDyBYpAjoKyJ4DYqdD2BtA7CQI+whYTUiQM5B9A8hWSM5IBJrB+API1klCEk9HYkPtBQFul8zigpzESoUAYwKuJQOUpFaUgGjn\/ILKosz0jBIFR2AopSp45iXr6SgYGRiaMzCAwhyi+nMgOCwZxc4gxJrvMzDY7v\/\/\/\/9uhJjXfgaGjUCdXDsRYhoWDAyC3AwMJ3YWJBYlgoWYgZgpLY2B4dNyBgbeSAYG4QtAPdHFacZGYHlGHicGBtZ7\/\/9\/VmNgYJ\/MwPB3wv\/\/vxf9\/\/93MVDzHQaGA3kAFSFl7jXH0fsAAAA4ZVhJZk1NACoAAAAIAAGHaQAEAAAAAQAAABoAAAAAAAKgAgAEAAAAAQAAAdSgAwAEAAAAAQAAAAMAAAAAS02BqAAAAC9JREFUWAnt0AENAAAAwqD3T20PBxEoDBgwYMCAAQMGDBgwYMCAAQMGDBgwYOBkYBXzAAFT7I23AAAAAElFTkSuQmCC\" alt=\"pastedGraphic.png\" \/><span class=\"Apple-converted-space\">\u00a0<\/span><\/h4><h4><b>ARTICLE 2 \u2013 RESPONSABLE DU TRAITEMENT DE VOS DONN\u00c9ES<span class=\"Apple-converted-space\">\u00a0<\/span><\/b><\/h4><h4>Le responsable de traitement est la personne responsable du traitement de vos donn\u00e9es personnelles. C\u2019est lui qui d\u00e9terminer les moyens mis en \u0153uvre pour les collecter et ce pour quoi elles sont utilis\u00e9es.<span class=\"Apple-converted-space\">\u00a0<\/span><\/h4><h4>Le responsable de traitement de vos donn\u00e9es personnelle est :<span class=\"Apple-converted-space\">\u00a0<\/span><\/h4><h4>Th\u00e9r\u00e8se Boujaklian EI, entrepreneuse individuelle domicili\u00e9e au 29 Quai de la Pr\u00e9valaye 35000 Rennes et dont le num\u00e9ro SIREN est 984202341 (le \u201c<b>Responsable de traitement<\/b>\u201d).<span class=\"Apple-converted-space\">\u00a0<\/span><\/h4><h4><b>ARTICLE 3 \u2013 NATURE DES DONN\u00c9ES PERSONNELLES COLLECT\u00c9ES<span class=\"Apple-converted-space\">\u00a0<\/span><\/b><\/h4><h4>Une donn\u00e9e personnelle est une information qui permet d\u2019identifier une personne, soit directement (par le nom et le pr\u00e9nom, par exemple), soit indirectement (par exemple, par un num\u00e9ro de t\u00e9l\u00e9phone ou une adresse IP).<span class=\"Apple-converted-space\">\u00a0<\/span><\/h4><h4>Le Site ne collecte que les donn\u00e9es personnelles n\u00e9cessaires \u00e0 son activit\u00e9. En cons\u00e9quence, aucune donn\u00e9e \u00e0 caract\u00e8re sensible, telle que l\u2019origine, les opinions politiques, philosophiques ou religieuses ne saurait \u00eatre demand\u00e9e ou collect\u00e9e aupr\u00e8s de Vous.<span class=\"Apple-converted-space\">\u00a0<\/span><\/h4><h4>Sont ainsi collect\u00e9es les donn\u00e9es personnelles suivantes:<span class=\"Apple-converted-space\">\u00a0<\/span><\/h4><ul><li><h4>Les adresses emails<\/h4><\/li><li><h4>Les noms et pr\u00e9noms<\/h4><\/li><li><h4>Les coordonn\u00e9es bancaires<\/h4><\/li><li><h4>Les num\u00e9ros SIRET<\/h4><\/li><li><h4>Les adresses postales et les adresses de facturation si elles sont diff\u00e9rentes<\/h4><\/li><li><h4>Les num\u00e9ros de t\u00e9l\u00e9phones<\/h4><\/li><li><h4>Les adresses IP<\/h4><\/li><\/ul><h4><b>ARTICLE 4 \u2013 FINALIT\u00c9S DU TRAITEMENT DE VOS DONN\u00c9ES PERSONNELLES<span class=\"Apple-converted-space\">\u00a0<\/span><\/b><\/h4><h4>Les donn\u00e9es personnelles collect\u00e9es et trait\u00e9es pour les besoins de l\u2019activit\u00e9 du Site r\u00e9pondent aux finalit\u00e9s suivantes:<\/h4><ul><li><h4>Fourniture de services d\u2019illustration;<\/h4><\/li><li><h4>Envoi de newsletters;<\/h4><\/li><li><h4>Etablissements de devis, factures et de contrats;<\/h4><\/li><li><h4>Vente et envoi postal de produits achet\u00e9s par Vous sur le site;<\/h4><\/li><li><h4>Demande d\u2019avis sur les produits ou les prestations propos\u00e9es sur le site;<\/h4><\/li><li><h4>Op\u00e9rations marketing;<\/h4><\/li><li><h4>S\u00e9curit\u00e9 et pr\u00e9vention des fraudes.<\/h4><\/li><\/ul><h4><b>ARTICLE 5 \u2013 CONSERVATION ET S\u00c9CURIT\u00c9 DE VOS DONN\u00c9ES PERSONNELLES<span class=\"Apple-converted-space\">\u00a0<\/span><\/b><\/h4><h4>Les donn\u00e9es personnelles collect\u00e9es par le Site sont conserv\u00e9es et stock\u00e9es dans des conditions s\u00e9curis\u00e9es. Le Responsable de traitement met ainsi en place des mesures de s\u00e9curit\u00e9 techniques et organisationnelles, en vue de garantir la s\u00e9curit\u00e9 et la confidentialit\u00e9 de vos donn\u00e9es, afin d\u2019emp\u00eacher que celles-ci soient d\u00e9form\u00e9es, endommag\u00e9es ou que des tiers non autoris\u00e9s y aient acc\u00e8s.<span class=\"Apple-converted-space\">\u00a0<\/span><\/h4><h4>Aucune mesure de s\u00e9curit\u00e9 n\u2019\u00e9tant toutefois infaillible, le Responsable de traitement ne saurait garantir une s\u00e9curit\u00e9 absolue de vos donn\u00e9es personnelles.<span class=\"Apple-converted-space\">\u00a0<\/span><\/h4><h4>Vos donn\u00e9es personnelles seront conserv\u00e9es dans un d\u00e9lai raisonnable qui ne saurait exc\u00e9der 10 ans. Le Responsable de traitement pourrait toutefois conserver certaines de vos donn\u00e9es au-del\u00e0 de ce d\u00e9lai afin de remplir ses obligations l\u00e9gales et r\u00e8glementaires.<span class=\"Apple-converted-space\">\u00a0<\/span><\/h4><h4><b>ARTICLE 6 \u2013 DESTINATAIRES DE VOS DONN\u00c9ES PERSONNELLES<span class=\"Apple-converted-space\">\u00a0<\/span><\/b><\/h4><h4>Seuls auront acc\u00e8s \u00e0 vos donn\u00e9es le Responsable de traitement ainsi que le personnel de l\u2019entreprise.<span class=\"Apple-converted-space\">\u00a0<\/span><\/h4><h4>Elles peuvent \u00e9galement \u00eatre transmises aux soci\u00e9t\u00e9s charg\u00e9es de la gestion, de l\u2019ex\u00e9cution et du traitement des op\u00e9rations de paiement.<span class=\"Apple-converted-space\">\u00a0<\/span><\/h4><h4>Pourront aussi acc\u00e9der \u00e0 vos donn\u00e9es personnelles les sous-traitants suivants: h\u00e9bergeur, prestataire d\u2019emailing, les outils de CRM.<\/h4><h4>Le cas \u00e9ch\u00e9ant, pourront avoir acc\u00e8s \u00e0 vos donn\u00e9es personnelles les organismes, tant publics que priv\u00e9s, qui demanderaient \u00e0 l\u2019entreprise de se conformer \u00e0 ses obligations l\u00e9gales et r\u00e8glementaires.<span class=\"Apple-converted-space\">\u00a0<\/span><\/h4><h4>Le Responsable de traitement ne saurait en revanche transf\u00e9rer vos donn\u00e9es personnelles \u00e0 des soci\u00e9t\u00e9s tierces \u00e0 des fins marketing et\/ou commerciales, sans avoir au pr\u00e9alable obtenu votre consentement.<span class=\"Apple-converted-space\">\u00a0<\/span><\/h4><h4><b>ARTICLE 7 \u2013 H\u00c9BERGEMENT DE VOS DONN\u00c9ES PERSONNELLES<span class=\"Apple-converted-space\">\u00a0<\/span><\/b><\/h4><h4>Vos donn\u00e9es personnelles lors de l\u2019utilisation du Site sont conserv\u00e9es et stock\u00e9es par OVH (SAS), dont le si\u00e8ge social est situ\u00e9 au:<\/h4><h4>2 rue Kellermann 59100 Roubaix France<\/h4><h4>joignable au num\u00e9ro suivant: 1007<\/h4><h4><b>ARTICLE 8 \u2013 VOS DROITS SUR LES DONN\u00c9ES PERSONNELLES COLLECT\u00c9ES<span class=\"Apple-converted-space\">\u00a0<\/span><\/b><\/h4><h4><b>8.1 Liste de vos droits en mati\u00e8re de donn\u00e9es personnelles<span class=\"Apple-converted-space\">\u00a0<\/span><\/b><\/h4><h4>En tant qu\u2019utilisateur concern\u00e9 par le traitement de vos donn\u00e9es personnelles, vous pouvez vous pr\u00e9valoir des droits suivants :<span class=\"Apple-converted-space\">\u00a0<\/span><\/h4><ul><li><h4>\u25cf \u00a0<b>Droit de retirer votre consentement \u00e0 tout moment<\/b>, en vertu de l\u2019article 7 du RGPD.<\/h4><\/li><li><h4>\u25cf \u00a0<b>Droit \u00e0 l\u2019information<\/b>, en vertu des articles 13 et 14 du RGPD : vous avez ainsi droit d\u2019\u00eatre inform\u00e9 sur la mani\u00e8re dont vos donn\u00e9es sont collect\u00e9es et trait\u00e9es. C\u2019est l\u2019objet de la pr\u00e9sente politique de confidentialit\u00e9.<\/h4><\/li><li><h4>\u25cf \u00a0<b>Droit d\u2019acc\u00e8s \u00e0 vos donn\u00e9es personnelles<\/b>, conform\u00e9ment \u00e0 l\u2019article 15 du RGPD : vous pouvez ainsi acc\u00e9der \u00e0 l\u2019ensemble des donn\u00e9es personnelles trait\u00e9es par le Site, et ce, \u00e0 tout moment.<\/h4><\/li><li><h4>\u25cf \u00a0<b>Droit \u00e0 la rectification de vos donn\u00e9es personnelles<\/b>, conform\u00e9ment \u00e0 l\u2019article 16 du RGPD : vous pouvez \u00e0 tout moment demander la modification des donn\u00e9es personnelles qui seraient inexactes, incompl\u00e8tes ou obsol\u00e8tes.<\/h4><\/li><li><h4>\u25cf \u00a0<b>Droit \u00e0 l\u2019effacement de vos donn\u00e9es personnelles<\/b>, en vertu de l\u2019article 17 du RGPD : vous pouvez demander l\u2019effacement de vos donn\u00e9es personnelles ou interdire leur collecte future si :<\/h4><\/li><\/ul><h4>o le traitement de vos donn\u00e9es n\u2019est plus n\u00e9cessaire ;<br \/>o vous retirez votre consentement au traitement de vos donn\u00e9es<span class=\"Apple-converted-space\">\u00a0<\/span><\/h4><h4>personnelles ;<br \/>o vous vous opposez au traitement de vos donn\u00e9es personnelles ;<br \/>o vos donn\u00e9es personnelles ont fait l\u2019objet d\u2019un traitement illicite ;<br \/>o vos donn\u00e9es personnelles doivent \u00eatre effac\u00e9es pour respecter une<span class=\"Apple-converted-space\">\u00a0<\/span><\/h4><h4>obligation l\u00e9gale ;<span class=\"Apple-converted-space\">\u00a0<\/span><\/h4><h4>o vos donn\u00e9es personnelles ont \u00e9t\u00e9 collect\u00e9es dans le cadre de l\u2019offre de service de la soci\u00e9t\u00e9 d\u2019information aux enfants, conform\u00e9ment \u00e0 l\u2019article 8\u00a71 du RGPD.<span class=\"Apple-converted-space\">\u00a0<\/span><\/h4><h4>\u25cf <b>Droit \u00e0 la limitation de vos donn\u00e9es personnelles<\/b>, en vertu de l\u2019article 18 du RGPD : vous pouvez obtenir la limitation de vos donn\u00e9es personnelles dans les cas suivants :<span class=\"Apple-converted-space\">\u00a0<\/span><\/h4><h4>o vos donn\u00e9es sont inexactes ;<br \/>o vous vous opposez \u00e0 l\u2019effacement de vos donn\u00e9es en cas de traitement<span class=\"Apple-converted-space\">\u00a0<\/span><\/h4><h4>illicite ;<br \/>o vous avez besoin de vos donn\u00e9es personnelles pour la constatation,<span class=\"Apple-converted-space\">\u00a0<\/span><\/h4><h4>l\u2019exercice ou la d\u00e9fense de vos droits en justice ;<br \/>o vous vous \u00eates oppos\u00e9 au traitement de vos donn\u00e9es personnelles.<span class=\"Apple-converted-space\">\u00a0<\/span><\/h4><ul><li><h4>\u25cf \u00a0<b>Droit \u00e0 la portabilit\u00e9 de vos donn\u00e9es<\/b>, conform\u00e9ment \u00e0 l\u2019article 20 du RGPD : vous pouvez ainsi recevoir les donn\u00e9es personnelles que vous avez fournies dans un format lisible, mais aussi exiger le transfert \u00e0 tout autre responsable de traitement de votre choix.<\/h4><\/li><li><h4>\u25cf \u00a0<b>Droit de vous opposer au traitement de vos donn\u00e9es<\/b>, en vertu de l\u2019article 21 du RGPD : vous pouvez \u00e0 tout moment vous opposer au traitement de vos donn\u00e9es personnelles, \u00e0 moins que le Responsable de traitement d\u00e9montre qu\u2019il existe des motifs l\u00e9gitimes et imp\u00e9rieux pour le traitement ou pour la constatation, l\u2019exercice ou la d\u00e9fense de droits en justice.<\/h4><\/li><li><h4>\u25cf \u00a0<b>Droit d\u2019introduire une r\u00e9clamation aupr\u00e8s d\u2019une autorit\u00e9 de contr\u00f4l\u00e9e europ\u00e9enne<\/b>, conform\u00e9ment \u00e0 l\u2019article 77 du RGPD : en France, il s\u2019agit de la Commission Nationale Informatique et Libert\u00e9 (CNIL).<\/h4><\/li><li><h4>\u25cf \u00a0<b>Droit de d\u00e9finir des directives relatives \u00e0 la conservation, \u00e0 l\u2019effacement et \u00e0 la communication de vos donn\u00e9es apr\u00e8s votre d\u00e9c\u00e8s<\/b>, en vertu de l\u2019article 85, I, de la Loi n\u00b078-17 du 6 janvier 1978 relative \u00e0 l\u2019informatique, aux fichiers et aux libert\u00e9s.<\/h4><\/li><\/ul><h4><b>8.2 Exercice de vos droits en mati\u00e8re de donn\u00e9es personnelles<span class=\"Apple-converted-space\">\u00a0<\/span><\/b><\/h4><h4>Vous pouvez exercer vos droits de la mani\u00e8re suivante par e mail, \u00e0 l\u2019adresse <a href=\"mailto:tesstournelion@gmail.com\">tesstournelion@gmail.com<\/a> .<span class=\"Apple-converted-space\">\u00a0<\/span><\/h4><h4><b>ARTICLE 10 \u2013 TRANSFERT DE VOS DONN\u00c9ES PERSONNELLES EN DEHORS DE L\u2019UNION EUROP\u00c9ENNE<span class=\"Apple-converted-space\">\u00a0<\/span><\/b><\/h4><h4>Vos donn\u00e9es sont susceptibles d\u2019\u00eatre transf\u00e9r\u00e9es en dehors de l\u2019Union Europ\u00e9enne, notamment par l\u2019utilisation des outils cit\u00e9s \u00e0 l\u2019article 7.<span class=\"Apple-converted-space\">\u00a0<\/span><\/h4><h4>Si vos donn\u00e9es sont transf\u00e9r\u00e9es dans un pays ayant fait l\u2019objet d\u2019une d\u00e9cision d\u2019ad\u00e9quation de la Commission europ\u00e9enne, le niveau de protection est conforme aux dispositions du RGPD et ne n\u00e9cessite en ce sens aucune autorisation sp\u00e9cifique.<span class=\"Apple-converted-space\">\u00a0<\/span><\/h4><h4>Si vos donn\u00e9es sont transf\u00e9r\u00e9es dans un pays dont le niveau de protection n\u2019est pas ad\u00e9quat, le Responsable de traitement pr\u00e9voit des garanties appropri\u00e9es, comme des r\u00e8gles d\u2019entreprise contraignantes, un code de conduite, un m\u00e9canisme de certification, etc.<span class=\"Apple-converted-space\">\u00a0<\/span><\/h4><h4><b>ARTICLE 11 \u2013 MODIFICATIONS DE LA POLITIQUE DE CONFIDENTIALIT\u00c9<span class=\"Apple-converted-space\">\u00a0<\/span><\/b><\/h4><h4>L\u2019\u00e9diteur du Site se r\u00e9serve le droit de modifier la pr\u00e9sente politique de confidentialit\u00e9 afin de se conformer \u00e0 la l\u00e9gislation en vigueur, notamment \u00e0 ses \u00e9volutions, et ce, \u00e0 tout moment. Vous \u00eates donc invit\u00e9 \u00e0 consulter la politique de confidentialit\u00e9 d\u00e8s que vous utilisez le Site.<span class=\"Apple-converted-space\">\u00a0<\/span><\/h4><h4>Les \u00e9ventuelles modifications s\u2019appliqueront \u00e0 la date d\u2019entr\u00e9e en vigueur de la politique de confidentialit\u00e9 modifi\u00e9e. En cons\u00e9quence, elles n\u2019auront pas d\u2019incidence sur les achats que vous auriez effectu\u00e9 sur le Site, qui restent soumis \u00e0 la politique de confidentialit\u00e9 telle que vous l\u2019avez accept\u00e9e au moment de la validation de vos achats.<span class=\"Apple-converted-space\">\u00a0<\/span><\/h4><h4>Vous serez en tout \u00e9tat de cause tenu inform\u00e9 en cas de modification significative de la pr\u00e9sente politique de confidentialit\u00e9.<span class=\"Apple-converted-space\">\u00a0<\/span><\/h4>\t\t\t\t\t\t\t\t<\/div>\n\t\t\t\t<\/div>\n\t\t\t\t<\/div>\n\t\t\t\t<\/div>\n\t\t","protected":false},"excerpt":{"rendered":"<p>Date d\u2019entr\u00e9e en vigueur : 23\/03\/2025 \u00a0Mise \u00e0 jour : 23\/03\/2025 Conform\u00e9ment au r\u00e8glement UE 2016\/679 du 27 avril 2016 relatif \u00e0 la protection des donn\u00e9es personnelles (le \u201cRGPD\u201d), cette politique de confidentialit\u00e9 a pour objet d\u2019informer les internautes (\u201cVous\u201d) sur la mani\u00e8re dont leurs donn\u00e9es personnelles sont recueillies et trait\u00e9es par le site Internet [&hellip;]<\/p>\n","protected":false},"author":1,"featured_media":0,"parent":0,"menu_order":0,"comment_status":"closed","ping_status":"open","template":"","meta":{"footnotes":""},"class_list":["post-3","page","type-page","status-publish","hentry"],"_links":{"self":[{"href":"https:\/\/tournelion.com\/index.php\/wp-json\/wp\/v2\/pages\/3","targetHints":{"allow":["GET"]}}],"collection":[{"href":"https:\/\/tournelion.com\/index.php\/wp-json\/wp\/v2\/pages"}],"about":[{"href":"https:\/\/tournelion.com\/index.php\/wp-json\/wp\/v2\/types\/page"}],"author":[{"embeddable":true,"href":"https:\/\/tournelion.com\/index.php\/wp-json\/wp\/v2\/users\/1"}],"replies":[{"embeddable":true,"href":"https:\/\/tournelion.com\/index.php\/wp-json\/wp\/v2\/comments?post=3"}],"version-history":[{"count":13,"href":"https:\/\/tournelion.com\/index.php\/wp-json\/wp\/v2\/pages\/3\/revisions"}],"predecessor-version":[{"id":181,"href":"https:\/\/tournelion.com\/index.php\/wp-json\/wp\/v2\/pages\/3\/revisions\/181"}],"wp:attachment":[{"href":"https:\/\/tournelion.com\/index.php\/wp-json\/wp\/v2\/media?parent=3"}],"curies":[{"name":"wp","href":"https:\/\/api.w.org\/{rel}","templated":true}]}}