{"id":585,"date":"2025-05-12T21:12:11","date_gmt":"2025-05-12T19:12:11","guid":{"rendered":"https:\/\/tournelion.com\/?page_id=585"},"modified":"2025-07-10T18:03:35","modified_gmt":"2025-07-10T16:03:35","slug":"qui-suis-je","status":"publish","type":"page","link":"https:\/\/tournelion.com\/index.php\/qui-suis-je\/","title":{"rendered":"Qui suis-je?"},"content":{"rendered":"\t\t<div data-elementor-type=\"wp-page\" data-elementor-id=\"585\" class=\"elementor elementor-585\">\n\t\t\t\t<div class=\"elementor-element elementor-element-e6536e7 e-con-full e-flex e-con e-parent\" data-id=\"e6536e7\" data-element_type=\"container\">\n\t\t\t\t<div class=\"elementor-element elementor-element-ecfa129 elementor-widget elementor-widget-image\" data-id=\"ecfa129\" data-element_type=\"widget\" data-widget_type=\"image.default\">\n\t\t\t\t<div class=\"elementor-widget-container\">\n\t\t\t\t\t\t\t\t\t\t\t\t\t\t\t<img fetchpriority=\"high\" decoding=\"async\" width=\"2500\" height=\"1618\" src=\"https:\/\/tournelion.com\/wp-content\/uploads\/2025\/04\/IMG_2975-2-4.jpg\" class=\"attachment-full size-full wp-image-196\" alt=\"\" srcset=\"https:\/\/tournelion.com\/wp-content\/uploads\/2025\/04\/IMG_2975-2-4.jpg 2500w, https:\/\/tournelion.com\/wp-content\/uploads\/2025\/04\/IMG_2975-2-4-300x194.jpg 300w, https:\/\/tournelion.com\/wp-content\/uploads\/2025\/04\/IMG_2975-2-4-1024x663.jpg 1024w, https:\/\/tournelion.com\/wp-content\/uploads\/2025\/04\/IMG_2975-2-4-768x497.jpg 768w, https:\/\/tournelion.com\/wp-content\/uploads\/2025\/04\/IMG_2975-2-4-1536x994.jpg 1536w, https:\/\/tournelion.com\/wp-content\/uploads\/2025\/04\/IMG_2975-2-4-2048x1325.jpg 2048w\" sizes=\"(max-width: 2500px) 100vw, 2500px\" \/>\t\t\t\t\t\t\t\t\t\t\t\t\t\t\t<\/div>\n\t\t\t\t<\/div>\n\t\t\t\t<div class=\"elementor-element elementor-element-3edcfc4 elementor-widget elementor-widget-text-editor\" data-id=\"3edcfc4\" data-element_type=\"widget\" data-widget_type=\"text-editor.default\">\n\t\t\t\t<div class=\"elementor-widget-container\">\n\t\t\t\t\t\t\t\t\t<h3 style=\"text-align: left;\"><span style=\"color: #666699;\">Tournelion est une illustratrice et autrice bretonne \u00e0 son compte depuis 2024. Elle dessine sur Procreate puis peins son dessin sur papier avec de la gouache, le plus souvent.<\/span><\/h3><h3 style=\"text-align: left;\"><span style=\"color: #666699;\">Elle n&rsquo;utilise plus les r\u00e9seaux sociaux car elle ne veut pas faire partie d&rsquo;un syst\u00e8me qui privil\u00e9gie la quantit\u00e9 \u00e0 la qualit\u00e9 et l&rsquo;imm\u00e9diatet\u00e9 \u00e0 la r\u00e9flexion. Elle veut cultiver le fait de prendre son temps pour bien faire les choses, des choses qui lui tiennent \u00e0 coeur et mettre l&rsquo;accent sur l&rsquo;Humain et non la machine (qui se doit de rester un outil.)<\/span><\/h3><h3 style=\"text-align: left;\"><span style=\"color: #666699;\">Sur son temps libre, elle multiplie les projets cr\u00e9atifs comme la reliure de livre (dont elle dessine la couverture pour le fun, peut \u00eatre qu&rsquo;un jour elle publiera \u00e7a sur une chaine Youtube), la construction de miniatures ou encore la linogravure. Pour voir ses beaux projets, inscrivez-vous \u00e0 la newsletter ci dessous!<\/span><\/h3>\t\t\t\t\t\t\t\t<\/div>\n\t\t\t\t<\/div>\n\t\t\t\t<div class=\"elementor-element elementor-element-ba515b2 elementor-widget elementor-widget-image\" data-id=\"ba515b2\" data-element_type=\"widget\" data-widget_type=\"image.default\">\n\t\t\t\t<div class=\"elementor-widget-container\">\n\t\t\t\t\t\t\t\t\t\t\t\t\t\t\t<img decoding=\"async\" width=\"2405\" height=\"2560\" src=\"https:\/\/tournelion.com\/wp-content\/uploads\/2025\/05\/IMG_4246-scaled.jpg\" class=\"attachment-full size-full wp-image-636\" alt=\"\" srcset=\"https:\/\/tournelion.com\/wp-content\/uploads\/2025\/05\/IMG_4246-scaled.jpg 2405w, https:\/\/tournelion.com\/wp-content\/uploads\/2025\/05\/IMG_4246-282x300.jpg 282w, https:\/\/tournelion.com\/wp-content\/uploads\/2025\/05\/IMG_4246-962x1024.jpg 962w, https:\/\/tournelion.com\/wp-content\/uploads\/2025\/05\/IMG_4246-768x817.jpg 768w, https:\/\/tournelion.com\/wp-content\/uploads\/2025\/05\/IMG_4246-1443x1536.jpg 1443w, https:\/\/tournelion.com\/wp-content\/uploads\/2025\/05\/IMG_4246-1924x2048.jpg 1924w\" sizes=\"(max-width: 2405px) 100vw, 2405px\" \/>\t\t\t\t\t\t\t\t\t\t\t\t\t\t\t<\/div>\n\t\t\t\t<\/div>\n\t\t\t\t<\/div>\n\t\t\t\t<\/div>\n\t\t","protected":false},"excerpt":{"rendered":"<p>Tournelion est une illustratrice et autrice bretonne \u00e0 son compte depuis 2024. Elle dessine sur Procreate puis peins son dessin sur papier avec de la gouache, le plus souvent. Elle n&rsquo;utilise plus les r\u00e9seaux sociaux car elle ne veut pas faire partie d&rsquo;un syst\u00e8me qui privil\u00e9gie la quantit\u00e9 \u00e0 la qualit\u00e9 et l&rsquo;imm\u00e9diatet\u00e9 \u00e0 la [&hellip;]<\/p>\n","protected":false},"author":1,"featured_media":0,"parent":0,"menu_order":0,"comment_status":"closed","ping_status":"closed","template":"","meta":{"footnotes":""},"class_list":["post-585","page","type-page","status-publish","hentry"],"_links":{"self":[{"href":"https:\/\/tournelion.com\/index.php\/wp-json\/wp\/v2\/pages\/585","targetHints":{"allow":["GET"]}}],"collection":[{"href":"https:\/\/tournelion.com\/index.php\/wp-json\/wp\/v2\/pages"}],"about":[{"href":"https:\/\/tournelion.com\/index.php\/wp-json\/wp\/v2\/types\/page"}],"author":[{"embeddable":true,"href":"https:\/\/tournelion.com\/index.php\/wp-json\/wp\/v2\/users\/1"}],"replies":[{"embeddable":true,"href":"https:\/\/tournelion.com\/index.php\/wp-json\/wp\/v2\/comments?post=585"}],"version-history":[{"count":96,"href":"https:\/\/tournelion.com\/index.php\/wp-json\/wp\/v2\/pages\/585\/revisions"}],"predecessor-version":[{"id":963,"href":"https:\/\/tournelion.com\/index.php\/wp-json\/wp\/v2\/pages\/585\/revisions\/963"}],"wp:attachment":[{"href":"https:\/\/tournelion.com\/index.php\/wp-json\/wp\/v2\/media?parent=585"}],"curies":[{"name":"wp","href":"https:\/\/api.w.org\/{rel}","templated":true}]}}