{"id":68,"date":"2025-03-23T18:03:36","date_gmt":"2025-03-23T17:03:36","guid":{"rendered":"https:\/\/tournelion.com\/?page_id=68"},"modified":"2025-04-29T17:21:19","modified_gmt":"2025-04-29T15:21:19","slug":"conditions-generales-dutilisation","status":"publish","type":"page","link":"https:\/\/tournelion.com\/index.php\/conditions-generales-dutilisation\/","title":{"rendered":"Conditions g\u00e9n\u00e9rales d&rsquo;utilisation"},"content":{"rendered":"\t\t<div data-elementor-type=\"wp-page\" data-elementor-id=\"68\" class=\"elementor elementor-68\">\n\t\t\t\t<div class=\"elementor-element elementor-element-1891105 e-flex e-con-boxed e-con e-parent\" data-id=\"1891105\" data-element_type=\"container\">\n\t\t\t\t\t<div class=\"e-con-inner\">\n\t\t\t\t<div class=\"elementor-element elementor-element-dd83a08 elementor-widget elementor-widget-text-editor\" data-id=\"dd83a08\" data-element_type=\"widget\" data-widget_type=\"text-editor.default\">\n\t\t\t\t<div class=\"elementor-widget-container\">\n\t\t\t\t\t\t\t\t\t<h4>Conditions g\u00e9n\u00e9rales d\u2019utilisation (CGU)<\/h4><h4>Date d\u2019entr\u00e9e en vigueur : 23\/03\/2025<br \/>Mise \u00e0 jour : 23\/03\/2025<\/h4><h4>Les pr\u00e9sentes conditions g\u00e9n\u00e9rales d\u2019utilisation (les \u201c<b>CGU<\/b>\u201d) encadrent les modalit\u00e9s d\u2019utilisation du site https:\/\/tournelion.com\/ (le \u201c<b>Site<\/b>\u201d) et en d\u00e9finissent les conditions d\u2019acc\u00e8s par l\u2019internaute (l\u2019\u201c<b>Internaute<\/b>\u201d).<br \/>Les CGU sont accessibles depuis la rubrique \u00ab <i>Conditions G\u00e9n\u00e9rales d\u2019Utilisation <\/i>\u00bb, situ\u00e9e dans le pied de page du Site. Les mentions l\u00e9gales sont par ailleurs consultables et accessibles depuis la rubrique \u00ab <i>Mentions l\u00e9gales <\/i>\u00bb, situ\u00e9e dans le pied de page du Site.<br \/>L\u2019Internaute est inform\u00e9 que les pr\u00e9sentes CGU peuvent \u00eatre modifi\u00e9es \u00e0 tout moment par le propri\u00e9taire du Site.<span class=\"Apple-converted-space\">\u00a0<\/span><\/h4><h4><b>ARTICLE 1 \u2013 PR\u00c9SENTATION DU SITE<span class=\"Apple-converted-space\">\u00a0<\/span><\/b><\/h4><h4>Le Site a \u00e9t\u00e9 cr\u00e9\u00e9 en mars 2025 par Th\u00e9r\u00e8se Boujaklian, de son nom d\u2019artiste Tournelion, illustratrice et autrice. (l\u2019\u201c<b>\u00c9diteur<\/b>\u201d). Son but est de promouvoir ses services et ses produits. Le Site permet \u00e0 l\u2019Internaute d\u2019acc\u00e9der aux services et fonctionnalit\u00e9s suivantes :<\/h4><ul><li><h4>Acc\u00e8s (gratuit) au portfolio de l\u2019Editeur<\/h4><\/li><li><h4>Acc\u00e8s \u00e0 un formulaire de prise de contact t\u00e9l\u00e9phonique<\/h4><\/li><li><h4>Inscription \u00e0 une newsletter<\/h4><\/li><\/ul><h4>L\u2019Internaute a acc\u00e8s au Site gratuitement et en tous lieux, d\u00e8s lors qu\u2019il dispose d\u2019une connexion Internet.<br \/>Il est express\u00e9ment convenu que les frais engag\u00e9s par l\u2019Internaute, pour acc\u00e9der au Site sont \u00e0 sa charge (fournisseur Internet, mat\u00e9riel informatique, logiciels, etc.).<span class=\"Apple-converted-space\">\u00a0<\/span><\/h4><h4><b>ARTICLE 2 \u2013OBLIGATIONS DE L\u2019INTERNAUTE<span class=\"Apple-converted-space\">\u00a0<\/span><\/b><\/h4><h4>L\u2019Internaute doit \u00eatre \u00e2g\u00e9 de dix-huit ans ou plus pour utiliser le Site, ou bien avoir obtenu l\u2019autorisation de ses parents ou de ses tuteurs l\u00e9gaux.<br \/>Il s\u2019engage \u00e0 utiliser le Site conform\u00e9ment \u00e0 sa destination. Il accepte \u00e0 ce titre de ne pas tenter de nuire \u00e0 son bon fonctionnement et de ne pas en faire une utilisation contraire \u00e0 ses objectifs.<span class=\"Apple-converted-space\">\u00a0<\/span><\/h4><h4><b>ARTICLE 3 \u2013 RESPONSABILIT\u00c9 DE L\u2019\u00c9DITEUR<span class=\"Apple-converted-space\">\u00a0<\/span><\/b><\/h4><h4>L\u2019\u00c9diteur s\u2019engage \u00e0 assurer le bon fonctionnement du Site et \u00e0 en maintenir l\u2019acc\u00e8s.<br \/>Les informations diffus\u00e9es sur le Site sont r\u00e9put\u00e9es fiables. L\u2019\u00c9diteur ne garantit toutefois pas qu\u2019elles soient exemptes de d\u00e9fauts, d\u2019erreurs ou d\u2019omissions.<br \/>Ces informations sont par ailleurs pr\u00e9sent\u00e9es \u00e0 titre indicatif et g\u00e9n\u00e9ral. Elles n\u2019ont donc pas de valeur contractuelle.<br \/>Bien que le Site soit r\u00e9guli\u00e8rement mis \u00e0 jour, l\u2019\u00c9diteur ne peut \u00eatre tenu responsable de la modification des dispositions administratives et juridiques qui surviendrait apr\u00e8s la publication des contenus.<br \/>De m\u00eame, la responsabilit\u00e9 de l\u2019\u00c9diteur ne peut pas \u00eatre engag\u00e9e en raison de l\u2019utilisation et de l\u2019interpr\u00e9tation des informations par l\u2019Internaute.<span class=\"Apple-converted-space\">\u00a0<\/span><\/h4><h4><b>ARTICLE 4 \u2013 LIENS HYPERTEXTES<span class=\"Apple-converted-space\">\u00a0<\/span><\/b><\/h4><h4>Des liens hypertextes peuvent \u00eatre pr\u00e9sents sur le Site.<br \/>L\u2019Internaute est \u00e0 ce titre inform\u00e9 qu\u2019en cliquant sur ces liens, il quittera le Site, lequel n\u2019a pas de contr\u00f4le sur les pages web sur lesquelles arrivera l\u2019Internaute.<br \/>Le Site ne saurait ainsi \u00eatre responsable de leur contenu.<span class=\"Apple-converted-space\">\u00a0<\/span><\/h4><h4><b>ARTICLE 5 \u2013 PROPRI\u00c9T\u00c9 INTELLECTUELLE<span class=\"Apple-converted-space\">\u00a0<\/span><\/b><\/h4><h4>Les illustrations, marques, logos, signes, ainsi que tous les contenus du Site sont la propri\u00e9t\u00e9 de l\u2019\u00c9diteur. Ils sont \u00e0 ce titre prot\u00e9g\u00e9s par le droit fran\u00e7ais et les lois internationales relatives \u00e0 la propri\u00e9t\u00e9 intellectuelle.<br \/>L\u2019utilisation du Site n&rsquo;entra\u00eene aucune cession de droits de propri\u00e9t\u00e9 intellectuelle sur tout ou partie de ses contenus.<span class=\"Apple-converted-space\">\u00a0<\/span><\/h4><h4>Toute exploitation non autoris\u00e9e des contenus du Site est formellement interdite, sous peine de poursuites.<br \/>L\u2019Internaute s\u2019interdit ainsi toute utilisation ou reproduction des contenus du Site, sans l\u2019autorisation expresse, \u00e9crite et pr\u00e9alable de l\u2019\u00c9diteur, qui peut la conditionner \u00e0 une contrepartie financi\u00e8re.<span class=\"Apple-converted-space\">\u00a0<\/span><\/h4><h4>L\u2019Internaute s\u2019interdit enfin de supprimer les mentions de copyrights, de marque ou toute autre mention l\u00e9gale figurant sur les contenus propos\u00e9s sur le Site.<span class=\"Apple-converted-space\">\u00a0<\/span><\/h4><h4><b>ARTICLE 6 \u2013 COLLECTE DES DONN\u00c9ES <\/b><b>6.1 Gestion des cookies<span class=\"Apple-converted-space\">\u00a0<\/span><\/b><\/h4><h4>Lors des visites de l\u2019Internautes sur le Site, des <i>cookies <\/i>peuvent s\u2019installer automatiquement sur son navigateur.<span class=\"Apple-converted-space\">\u00a0<\/span><\/h4><h4>Les <i>cookies <\/i>sont des petits fichiers stock\u00e9s temporairement sur le disque dur de l\u2019ordinateur de l\u2019Internaute par son navigateur.<br \/>Ils ne contiennent pas d\u2019informations personnelles et ne peuvent pas \u00eatre utilis\u00e9s pour identifier l\u2019Internaute. Chaque <i>cookie <\/i>contenant un identifiant unique et \u00e9tant g\u00e9n\u00e9r\u00e9 al\u00e9atoirement, il est anonyme. Certains <i>cookies <\/i>disparaissent \u00e0 la fin de l\u2019utilisation du Site, d\u2019autres perdurent.<span class=\"Apple-converted-space\">\u00a0<\/span><\/h4><h4>Certains <i>cookies <\/i>sont essentiels \u00e0 l\u2019utilisation du Site. \u00c0 ce titre, l\u2019Internaute les accepte lorsqu\u2019il navigue sur le Site. L\u2019information contenue dans les cookies est utilis\u00e9e par le Site pour am\u00e9liorer ses services.<br \/>D\u2019autres <i>cookies <\/i>non-essentiels n\u00e9cessitent le consentement de l\u2019Internaute. S\u2019il ne les accepte pas, certaines fonctionnalit\u00e9s ou pages peuvent lui \u00eatre refus\u00e9es.<span class=\"Apple-converted-space\">\u00a0<\/span><\/h4><h4>L\u2019Internaute pourra d\u00e9sactiver les <i>cookies <\/i>\u00e0 tout moment, via les param\u00e8tres de son navigateur.<\/h4><h4><b>6.2 Collecte et traitement des donn\u00e9es personnelles de l\u2019Internaute<span class=\"Apple-converted-space\">\u00a0<\/span><\/b><\/h4><h4>L\u2019Internaute est inform\u00e9 que ses donn\u00e9es personnelles sont collect\u00e9es et trait\u00e9es conform\u00e9ment \u00e0 la r\u00e8glementation en vigueur. Ces derni\u00e8res sont utilis\u00e9es pour:<span class=\"Apple-converted-space\">\u00a0<\/span><\/h4><ul><li><h4>La fourniture de services d\u2019illustration;<\/h4><\/li><li><h4>L\u2019envoi de newsletters;<\/h4><\/li><li><h4>L&rsquo;\u00e9tablissements de devis, factures et de contrats;<\/h4><\/li><li><h4>La vente et envoi postal de produits achet\u00e9s par Vous sur le site;<\/h4><\/li><li><h4>La demande d\u2019avis sur les produits ou les prestations propos\u00e9es sur le site;<\/h4><\/li><li><h4>Les op\u00e9rations marketing;<\/h4><\/li><li><h4>La s\u00e9curit\u00e9 et pr\u00e9vention des fraudes.<\/h4><\/li><\/ul><h4>Conform\u00e9ment au R\u00e8glement Europ\u00e9en sur la Protection des Donn\u00e9es, dit \u00ab RGPD \u00bb, l\u2019Internaute dispose d\u2019un droit d\u2019acc\u00e8s, de rectification, de suppression, d\u2019opposition et de portabilit\u00e9 de ses donn\u00e9es personnelles. Pour exercer ses droits, il peut contacter l\u2019\u00c9diteur \u00e0 l\u2019adresse mail suivante <a href=\"mailto:tesstournelion@gmail.com\">tesstournelion@gmail.com<\/a><\/h4><h4><b>ARTICLE 7 \u2013 DUR\u00c9E DES CONDITIONS G\u00c9N\u00c9RALES D\u2019UTILISATION<span class=\"Apple-converted-space\">\u00a0<\/span><\/b><\/h4><h4>Les pr\u00e9sentes CGU sont applicables pendant toute la dur\u00e9e de mise en ligne du Site.<\/h4><h4><b>ARTICLE 8 \u2013 R\u00c8GLEMENT DES LITIGES ET ATTRIBUTION DE COMP\u00c9TENCE<\/b><\/h4><h4><b><br \/><\/b>Les CGU sont soumises au droit fran\u00e7ais et seront r\u00e9gies et interpr\u00e9t\u00e9es selon ce droit.<span class=\"Apple-converted-space\">\u00a0<\/span><\/h4><h4>En cas de litige concernant leur validit\u00e9, leur interpr\u00e9tation ou leur ex\u00e9cution, les Parties s\u2019efforceront de r\u00e9gler leur diff\u00e9rend \u00e0 l\u2019amiable.<br \/>\u00c0 d\u00e9faut d\u2019accord dans le mois suivant la premi\u00e8re notification par tout moyen \u00e9crit adress\u00e9e par une Partie \u00e0 l\u2019autre concernant le diff\u00e9rend concern\u00e9, celui-ci sera soumis \u00e0 la comp\u00e9tence exclusive des tribunaux du ressort de la Cour d\u2019appel de Rennes.<\/h4><h4>Pour toute question relative aux pr\u00e9sentes CGU, l\u2019Internaute peut joindre l\u2019\u00c9diteur aux cordonn\u00e9es figurant dans les mentions l\u00e9gales du Site.<span class=\"Apple-converted-space\">\u00a0<\/span><\/h4>\t\t\t\t\t\t\t\t<\/div>\n\t\t\t\t<\/div>\n\t\t\t\t\t<\/div>\n\t\t\t\t<\/div>\n\t\t\t\t<\/div>\n\t\t","protected":false},"excerpt":{"rendered":"<p>Conditions g\u00e9n\u00e9rales d\u2019utilisation (CGU) Date d\u2019entr\u00e9e en vigueur : 23\/03\/2025Mise \u00e0 jour : 23\/03\/2025 Les pr\u00e9sentes conditions g\u00e9n\u00e9rales d\u2019utilisation (les \u201cCGU\u201d) encadrent les modalit\u00e9s d\u2019utilisation du site https:\/\/tournelion.com\/ (le \u201cSite\u201d) et en d\u00e9finissent les conditions d\u2019acc\u00e8s par l\u2019internaute (l\u2019\u201cInternaute\u201d).Les CGU sont accessibles depuis la rubrique \u00ab Conditions G\u00e9n\u00e9rales d\u2019Utilisation \u00bb, situ\u00e9e dans le pied de [&hellip;]<\/p>\n","protected":false},"author":1,"featured_media":0,"parent":0,"menu_order":0,"comment_status":"closed","ping_status":"closed","template":"","meta":{"footnotes":""},"class_list":["post-68","page","type-page","status-publish","hentry"],"_links":{"self":[{"href":"https:\/\/tournelion.com\/index.php\/wp-json\/wp\/v2\/pages\/68","targetHints":{"allow":["GET"]}}],"collection":[{"href":"https:\/\/tournelion.com\/index.php\/wp-json\/wp\/v2\/pages"}],"about":[{"href":"https:\/\/tournelion.com\/index.php\/wp-json\/wp\/v2\/types\/page"}],"author":[{"embeddable":true,"href":"https:\/\/tournelion.com\/index.php\/wp-json\/wp\/v2\/users\/1"}],"replies":[{"embeddable":true,"href":"https:\/\/tournelion.com\/index.php\/wp-json\/wp\/v2\/comments?post=68"}],"version-history":[{"count":11,"href":"https:\/\/tournelion.com\/index.php\/wp-json\/wp\/v2\/pages\/68\/revisions"}],"predecessor-version":[{"id":187,"href":"https:\/\/tournelion.com\/index.php\/wp-json\/wp\/v2\/pages\/68\/revisions\/187"}],"wp:attachment":[{"href":"https:\/\/tournelion.com\/index.php\/wp-json\/wp\/v2\/media?parent=68"}],"curies":[{"name":"wp","href":"https:\/\/api.w.org\/{rel}","templated":true}]}}